{"id":103,"date":"2017-07-28T12:31:00","date_gmt":"2017-07-28T12:31:00","guid":{"rendered":"http:\/\/nutronixx.de\/wpcms\/?page_id=103"},"modified":"2021-04-14T21:36:24","modified_gmt":"2021-04-14T21:36:24","slug":"veroeffentlichungen","status":"publish","type":"page","link":"https:\/\/nutronixx.com\/wpcms\/de\/veroeffentlichungen\/","title":{"rendered":"Ver\u00f6ffentlichungen"},"content":{"rendered":"<h5>Ver\u00f6ffentlichungstermine f\u00fcr Nutronixx Alben<\/h5>\n<p>Das erste Nutronixx Albums &#8220;Planet Of Love&#8221; wurde im November 2020 ver\u00f6ffentlicht.<\/p>\n","protected":false},"excerpt":{"rendered":"<p>Ver\u00f6ffentlichungstermine f\u00fcr Nutronixx Alben Das erste Nutronixx Albums &#8220;Planet Of Love&#8221; wurde im November 2020 ver\u00f6ffentlicht.<\/p>\n","protected":false},"author":1,"featured_media":0,"parent":0,"menu_order":0,"comment_status":"closed","ping_status":"closed","template":"","meta":{"footnotes":""},"class_list":["post-103","page","type-page","status-publish","hentry"],"_links":{"self":[{"href":"https:\/\/nutronixx.com\/wpcms\/wp-json\/wp\/v2\/pages\/103","targetHints":{"allow":["GET"]}}],"collection":[{"href":"https:\/\/nutronixx.com\/wpcms\/wp-json\/wp\/v2\/pages"}],"about":[{"href":"https:\/\/nutronixx.com\/wpcms\/wp-json\/wp\/v2\/types\/page"}],"author":[{"embeddable":true,"href":"https:\/\/nutronixx.com\/wpcms\/wp-json\/wp\/v2\/users\/1"}],"replies":[{"embeddable":true,"href":"https:\/\/nutronixx.com\/wpcms\/wp-json\/wp\/v2\/comments?post=103"}],"version-history":[{"count":7,"href":"https:\/\/nutronixx.com\/wpcms\/wp-json\/wp\/v2\/pages\/103\/revisions"}],"predecessor-version":[{"id":925,"href":"https:\/\/nutronixx.com\/wpcms\/wp-json\/wp\/v2\/pages\/103\/revisions\/925"}],"wp:attachment":[{"href":"https:\/\/nutronixx.com\/wpcms\/wp-json\/wp\/v2\/media?parent=103"}],"curies":[{"name":"wp","href":"https:\/\/api.w.org\/{rel}","templated":true}]}}