{"id":207,"date":"2017-07-31T15:18:29","date_gmt":"2017-07-31T15:18:29","guid":{"rendered":"http:\/\/nutronixx.de\/wpcms\/?page_id=207"},"modified":"2018-01-23T15:13:49","modified_gmt":"2018-01-23T15:13:49","slug":"projekt-historie","status":"publish","type":"page","link":"https:\/\/nutronixx.com\/wpcms\/de\/projekt-historie\/","title":{"rendered":"Etwas Historie bez\u00fcglich dieses Projektes"},"content":{"rendered":"<p>F\u00fcr diejenigen, die an den Hintergr\u00fcnden f\u00fcr mein Solo Projekt interessiert sind, m\u00f6chte ich erw\u00e4hnen, dass dies nicht das erste Mal ist, dass ich ein Projekt ausserhalb von The Twins gemacht habe.<\/p>\n<p>Im Jahr 1985 fragte mich der Chef von Hansa Records, ob ich nicht Lust h\u00e4tte, einen Remix von dem 70er Jahre Hit &#8216;Magic Fly&#8217; einer Band namens &#8216;Space&#8217; zu machen. Ich fand die Idee ganz interessant, ging in mein Studio und begann an dem Remix zu arbeiten. Ein paar Wochen sp\u00e4ter wurde der Remix dann von Hansa als 7&#8243; und 12&#8243; Single ver\u00f6ffentlicht. Auf der B-Seite befand sich ein Song namens &#8216;The Return&#8217;, den ich selbst komponiert hatte und welcher auf dem kommenden Nutronixx Album in einer neuen Version enthalten sein wird.<\/p>\n<figure id=\"attachment_200\" aria-describedby=\"caption-attachment-200\" style=\"width: 300px\" class=\"wp-caption aligncenter\"><img loading=\"lazy\" decoding=\"async\" class=\"wp-image-200 size-medium\" src=\"http:\/\/nutronixx.de\/wpcms\/wp-content\/uploads\/2017\/07\/Hypersonic-Magic-Fly-Hansa-front-300x297.png\" alt=\"\" width=\"300\" height=\"297\" srcset=\"https:\/\/nutronixx.com\/wpcms\/wp-content\/uploads\/2017\/07\/Hypersonic-Magic-Fly-Hansa-front-300x297.png 300w, https:\/\/nutronixx.com\/wpcms\/wp-content\/uploads\/2017\/07\/Hypersonic-Magic-Fly-Hansa-front-150x150.png 150w, https:\/\/nutronixx.com\/wpcms\/wp-content\/uploads\/2017\/07\/Hypersonic-Magic-Fly-Hansa-front-768x759.png 768w, https:\/\/nutronixx.com\/wpcms\/wp-content\/uploads\/2017\/07\/Hypersonic-Magic-Fly-Hansa-front.png 800w\" sizes=\"auto, (max-width: 300px) 85vw, 300px\" \/><figcaption id=\"caption-attachment-200\" class=\"wp-caption-text\">Hypersonic &#8211; Magic Fly<\/figcaption><\/figure>\n<div class=\"text_exposed_show\">\n<p>Die 12&#8243; Vinyl ist \u00fcbrigens immer noch im Twins Webshop erh\u00e4ltlich:<br \/>\n<a href=\"http:\/\/www.passion-factory.com\/shop\/product_info.php?info=p169_hypersonic--12--maxi-single--magic-fly.html\">Hypersonic &#8211; Magic Fly<\/a><u><br \/>\n<\/u><br \/>\nF\u00fcr mein zuk\u00fcnftiges Solo Projekt habe ich mich aus rechtlichen Erw\u00e4gungen dagegen entschieden, den Namen &#8216;Hypersonic&#8217; weiter zu verwenden, da dieser unter anderem f\u00fcr Produkte aus der Hifi Industrie und andere verwendet wird.<\/p>\n<\/div>\n","protected":false},"excerpt":{"rendered":"<p>F\u00fcr diejenigen, die an den Hintergr\u00fcnden f\u00fcr mein Solo Projekt interessiert sind, m\u00f6chte ich erw\u00e4hnen, dass dies nicht das erste Mal ist, dass ich ein Projekt ausserhalb von The Twins gemacht habe. Im Jahr 1985 fragte mich der Chef von Hansa Records, ob ich nicht Lust h\u00e4tte, einen Remix von dem 70er Jahre Hit &#8216;Magic &hellip; <a href=\"https:\/\/nutronixx.com\/wpcms\/de\/projekt-historie\/\" class=\"more-link\">Continue reading<span class=\"screen-reader-text\"> &#8220;Etwas Historie bez\u00fcglich dieses Projektes&#8221;<\/span><\/a><\/p>\n","protected":false},"author":1,"featured_media":0,"parent":0,"menu_order":0,"comment_status":"closed","ping_status":"closed","template":"","meta":{"footnotes":""},"class_list":["post-207","page","type-page","status-publish","hentry"],"_links":{"self":[{"href":"https:\/\/nutronixx.com\/wpcms\/wp-json\/wp\/v2\/pages\/207","targetHints":{"allow":["GET"]}}],"collection":[{"href":"https:\/\/nutronixx.com\/wpcms\/wp-json\/wp\/v2\/pages"}],"about":[{"href":"https:\/\/nutronixx.com\/wpcms\/wp-json\/wp\/v2\/types\/page"}],"author":[{"embeddable":true,"href":"https:\/\/nutronixx.com\/wpcms\/wp-json\/wp\/v2\/users\/1"}],"replies":[{"embeddable":true,"href":"https:\/\/nutronixx.com\/wpcms\/wp-json\/wp\/v2\/comments?post=207"}],"version-history":[{"count":2,"href":"https:\/\/nutronixx.com\/wpcms\/wp-json\/wp\/v2\/pages\/207\/revisions"}],"predecessor-version":[{"id":210,"href":"https:\/\/nutronixx.com\/wpcms\/wp-json\/wp\/v2\/pages\/207\/revisions\/210"}],"wp:attachment":[{"href":"https:\/\/nutronixx.com\/wpcms\/wp-json\/wp\/v2\/media?parent=207"}],"curies":[{"name":"wp","href":"https:\/\/api.w.org\/{rel}","templated":true}]}}