{"id":426,"date":"2018-01-19T15:47:57","date_gmt":"2018-01-19T15:47:57","guid":{"rendered":"http:\/\/nutronixx.de\/wpcms\/?page_id=426"},"modified":"2020-10-30T15:14:19","modified_gmt":"2020-10-30T15:14:19","slug":"hauptseite","status":"publish","type":"page","link":"https:\/\/nutronixx.com\/wpcms\/de\/hauptseite\/","title":{"rendered":"Nutronixx"},"content":{"rendered":"<h3>Das neue Album ist jetzt erh\u00e4ltlich!<\/h3>\n<p><img loading=\"lazy\" decoding=\"async\" class=\"alignnone size-full wp-image-898\" src=\"https:\/\/nutronixx.com\/wpcms\/wp-content\/uploads\/2020\/10\/Nutronixx_Planet_Of_Love_CD_front-1.png\" alt=\"\" width=\"600\" height=\"540\" srcset=\"https:\/\/nutronixx.com\/wpcms\/wp-content\/uploads\/2020\/10\/Nutronixx_Planet_Of_Love_CD_front-1.png 600w, https:\/\/nutronixx.com\/wpcms\/wp-content\/uploads\/2020\/10\/Nutronixx_Planet_Of_Love_CD_front-1-300x270.png 300w\" sizes=\"auto, (max-width: 600px) 85vw, 600px\" \/><\/p>\n<p><strong>Nutronixx<\/strong> ist das Solo Projekt von Ronny Schreinzer, S\u00e4nger des deutschen Elektronik Pop Duos The Twins. Die Ver\u00f6ffentlichung des Albums <strong>Planet Of Love<\/strong> war geplant f\u00fcr den 1. November 2020 und dieses ist nun erh\u00e4ltlich im Nutronixx Webshop. <span style=\"font-size: inherit;\">Eine Song Vorschau findest Du ebenfalls im <a href=\"https:\/\/www.nutronixx.de\/shop\/\">Nutronixx Webshop<\/a><\/span><\/p>\n","protected":false},"excerpt":{"rendered":"<p>Das neue Album ist jetzt erh\u00e4ltlich! Nutronixx ist das Solo Projekt von Ronny Schreinzer, S\u00e4nger des deutschen Elektronik Pop Duos The Twins. Die Ver\u00f6ffentlichung des Albums Planet Of Love war geplant f\u00fcr den 1. November 2020 und dieses ist nun erh\u00e4ltlich im Nutronixx Webshop. Eine Song Vorschau findest Du ebenfalls im Nutronixx Webshop<\/p>\n","protected":false},"author":1,"featured_media":0,"parent":0,"menu_order":0,"comment_status":"closed","ping_status":"closed","template":"","meta":{"footnotes":""},"class_list":["post-426","page","type-page","status-publish","hentry"],"_links":{"self":[{"href":"https:\/\/nutronixx.com\/wpcms\/wp-json\/wp\/v2\/pages\/426","targetHints":{"allow":["GET"]}}],"collection":[{"href":"https:\/\/nutronixx.com\/wpcms\/wp-json\/wp\/v2\/pages"}],"about":[{"href":"https:\/\/nutronixx.com\/wpcms\/wp-json\/wp\/v2\/types\/page"}],"author":[{"embeddable":true,"href":"https:\/\/nutronixx.com\/wpcms\/wp-json\/wp\/v2\/users\/1"}],"replies":[{"embeddable":true,"href":"https:\/\/nutronixx.com\/wpcms\/wp-json\/wp\/v2\/comments?post=426"}],"version-history":[{"count":19,"href":"https:\/\/nutronixx.com\/wpcms\/wp-json\/wp\/v2\/pages\/426\/revisions"}],"predecessor-version":[{"id":899,"href":"https:\/\/nutronixx.com\/wpcms\/wp-json\/wp\/v2\/pages\/426\/revisions\/899"}],"wp:attachment":[{"href":"https:\/\/nutronixx.com\/wpcms\/wp-json\/wp\/v2\/media?parent=426"}],"curies":[{"name":"wp","href":"https:\/\/api.w.org\/{rel}","templated":true}]}}