{"id":965,"date":"2025-09-09T13:14:34","date_gmt":"2025-09-09T13:14:34","guid":{"rendered":"https:\/\/nutronixx.com\/wpcms\/?page_id=965"},"modified":"2025-09-09T13:51:14","modified_gmt":"2025-09-09T13:51:14","slug":"rezensionen","status":"publish","type":"page","link":"https:\/\/nutronixx.com\/wpcms\/de\/rezensionen\/","title":{"rendered":"Rezensionen"},"content":{"rendered":"\n<p>Gepostet von mr.dabelju im The Twins Forum:<strong><br \/><br \/><\/strong>Hier meine Rezension zu Ronny Schreinzer&#8217;s Solo-Album &#8220;Planet of Love &#8211; Nutronixx&#8221;:<\/p>\n<p><strong>Gesamtrezension:<\/strong><br \/>Nutronixx ist das Solo Projekt von Ronny Schreinzer, Teil des deutschen Elektronik Pop Duos &#8220;The Twins&#8221;, welche in den Anf\u00e4ngen des tanzbaren Synthypop internationalen Erfolg feierten mit Ballet Dancer, Not The Loving Kind, Face to Face Heart to Heart, Love In The Dark, Love System udgl.. Die Ver\u00f6ffentlichung des Albums &#8220;Planet Of Love&#8221; erg\u00e4nzt deren musikalische Reise unterbruchsfrei und mit der ersten Single &#8220;Heart On The Run&#8221; wird sogar ein passender eing\u00e4ngiger Ohrwurm pr\u00e4sentiert. 13 Songs sind auf dem Album, welches als CD und Vinyl-Version einmalige Effekte, sch\u00f6ne Melodien, treibende Rhythmen und auch eine wundersch\u00f6ne Ballade vorweisen kann.<\/p>\n<p><strong>Fazit:<\/strong> <br \/>Ein 1A Klasse Album, kann es nur weiter empfehlen. Ronny Schreinzer hat da ein Werk hingelegt, das \u00fcberzeugt und seine Qualit\u00e4ten als S\u00e4nger, Komponist und Multiinstrumentalisten bestens aufzeigt: alle Synthesizer, Drums, Gitarren, Vocals und Backgroundch\u00f6re wurden von ihm selbst eingespielt. Ein solches Album geh\u00f6rt in jede Musiksammlung, super dass es auch eine Vinyl-Ausgabe gibt. Der Wiedererkennungswert ist gewaltig und nicht nur The Twins Fans werden dieses Album lieben.<\/p>\n<p><strong>Tracklist:<\/strong><br \/>1. Planet Of Love 4:51<br \/>2. Heart On The Run 3:42<br \/>3. Love Me Or Leave Me 4:36<br \/>4. Waiting For A Miracle 5:21<br \/>5. Another Life 4:03<br \/>6. Storm In My Heart 6:17<br \/>7. Mad In Love 3:55<br \/>8. Wish We Were Lovers 4:15<br \/>9. Resurrection 4:42<br \/>10. The Return 2.0 4:38<br \/>11. Miss Coraline 4:45<br \/>12. World On Fire 4:36<br \/>13. It Was Only Yesterday 7:26<\/p>\n<p><strong>Einzelsong-Rezensionen:<br \/><\/strong><br \/>1. Planet of Love<\/p>\n<p>Der 4:53 Minuten lange Opener aus dem gleichnamigen Album ist ein gut gelungener, melodi\u00f6ser Song, der sofort gute Laune verspr\u00fcht. Die vielseitige Stimme von Ronny Schreinzer, welcher mit dem Soloprojekt Nutronixx seiner Singer, Songwriter und Multiinstrumentalist Qualit\u00e4ten bestens beweist, tr\u00e4gt das Lied in einer spielerischen Weise, die zum Tanzen oder Mitsingen animiert. Alle Synthesizer, Drums, Gitarren, Vocals und Backgroundch\u00f6re wurden \u00fcbrigens von ihm selbst eingespielt.<br \/><a href=\"https:\/\/hitparade.ch\/song\/Nutronixx\/Planet-Of-Love-2191939\">https:\/\/hitparade.ch\/song\/Nutronixx\/Planet-Of-Love-2191939<\/a><\/p>\n<p>2. Heart On The Run<\/p>\n<p>Ronny Schreinzer, Singer, Songwriter und Drummer der legend\u00e4ren &#8220;The Twins&#8221; hat hier als Nutronixx einen Leckerbissen aus seinem neuesten Album &#8220;Planet of Love&#8221; als Single ausgekoppelt, Unverkennbar seine musikalische Handschrift mit gutem Rhythmus, speziellen Effekten, eing\u00e4ngigen Melodien und einer unverkennbaren Stimme. Top!<br \/><a href=\"https:\/\/hitparade.ch\/song\/Nutronixx\/Heart-On-The-Run-2168593\">https:\/\/hitparade.ch\/song\/Nutronixx\/Heart-On-The-Run-2168593<\/a><br \/>Video auf Youtube:\u00a0<a href=\"https:\/\/www.youtube.com\/watch?v=CZjFgiQ27Tw\">https:\/\/www.youtube.com\/watch?v=CZjFgiQ27Tw<\/a><\/p>\n<p>3. Love Me Or Leave Me<\/p>\n<p>Love Me Or Leave Me ist ein Uptempo-Song aus dem Nutronixx-Album &#8220;Planet OF Love&#8221;. Ronny Schreinzer (von The Twins), welcher als Singer, Songwriter und Multiinstrumentalist \u00fcbrigens alle Vocals, Backgroundch\u00f6re, Synthesizer, Drums, Gitarren selbst spielt, liefert einen melodi\u00f6sen und treibenden Synthie-Song ab, der seine gef\u00fchlsbetonte Stimme auch hier zur Geltung bringt. Ein Song zum Abtanzen und Spass haben.<br \/><a href=\"https:\/\/hitparade.ch\/song\/Nutronixx\/Love-Me-Or-Leave-Me-2193338\">https:\/\/hitparade.ch\/song\/Nutronixx\/Love-Me-Or-Leave-Me-2193338<\/a><br \/>Video auf YouTube:\u00a0<a href=\"https:\/\/www.youtube.com\/watch?v=ZELflQkTUrk\">https:\/\/www.youtube.com\/watch?v=ZELflQkTUrk<\/a><\/p>\n<p>4. Waiting For A Miracle<\/p>\n<p>Waiting For A Miracle f\u00e4ngt sehr geheimnisvoll und fast d\u00fcster an, um dann in v\u00f6lliger anderer Weise poppig und leicht dahin zu pl\u00e4tschern wie ein zarter Gebirgsbach. Ronny Schreinzer (von The Twins), hat ihm ein eigenes Leben eingehaucht, das sehr passend in das Solo-Album Nutronixx &#8220;Planet OF Love&#8221;, viele \u00fcberlagernde Melodien, h\u00fcpfende Rhythmen und einen langen Instrumentalteil ab 3:45 Min., enth\u00e4lt. Der Singer, Songwriter und Multiinstrumentalist spielt \u00fcbrigens alle Drums, Gitarren, Vocals, Backgroundch\u00f6re und Synthesizer selbst. Klasse gemacht.<br \/><a href=\"https:\/\/hitparade.ch\/song\/Nutronixx\/Waiting-For-A-Miracle-2193339\">https:\/\/hitparade.ch\/song\/Nutronixx\/Waiting-For-A-Miracle-2193339<\/a><\/p>\n<p>5. Another Life<\/p>\n<p>Another Life ist ein besonderer Song auf dem Album &#8220;Planet of Love&#8221;, den ich mag und deshalb sehr oft h\u00f6re. Sein Synthie-Start \u00e4ndert sehr schnell in seine Hauptmelodie, die sofort ins Ohr geht. Der Rhythmus ist h\u00fcpfend und mit Wirbeln und punktgenauen Effekten versehen, die bereits nach dem ersten Mal h\u00f6ren, ins Geh\u00f6r eindringen und dort bleiben. Was ich aber noch nie in dieser Form geh\u00f6rt habe, ist der Spezialeffekt mit dem vorgelagerten Echo im gesungenen Text &#8211; es ist Kreativit\u00e4t der besten Stufe, unglaublich originell. Der Refrain ist eing\u00e4ngig und animiert sofort zum Mitsingen, zumal die Stimme von Ronny Schreiner (The Twins) unverkennbar ist und eine gute Laune verspr\u00fcht. Ronny spielt alias Nutronixx als Singer, Songwriter und Multiinstrumentalist \u00fcbrigens alle Synthesizer, Drums, Gitarren, Vocals und Backgroundch\u00f6re selbst. Hut ab<br \/><a href=\"https:\/\/hitparade.ch\/song\/Nutronixx\/Another-Life-2193347\">https:\/\/hitparade.ch\/song\/Nutronixx\/Another-Life-2193347<\/a><\/p>\n<p>6. Storm In My Heart<\/p>\n<p>Ronny Schreinzer, Singer, Songwriter und Multiinstrumentalist des Synthiepop-Duos &#8220;The Twins&#8221; hat hier eine wundersch\u00f6ne Ballade geschrieben, die ihre L\u00e4nge von 6:19 Min. voll verdient. Rhythmus, Melodie, Stimme und Background sind wie aus einem Guss, als m\u00fcsste man es ewig spielen lassen. Die Steigerung ist mit dem Instrumentalteil, der bei 3:45 Min. beginnt, bestens getroffen und l\u00e4sst die Gedanken in die Ferne schweifen. Bei 5:10 Min ist er nochmals aufgenommen und l\u00e4uft zart und langsam aus. Alle Synthesizer, Drums, Gitarren, Vocals und Backgroundch\u00f6re wurden \u00fcbrigens auf Nutronixx&#8217; Planet Of Love &#8211; Album von ihm selbst eingespielt. Majest\u00e4tisch gut.<br \/><a href=\"https:\/\/hitparade.ch\/song\/Nutronixx\/Storm-In-My-Heart-2193351\">https:\/\/hitparade.ch\/song\/Nutronixx\/Storm-In-My-Heart-2193351<\/a><\/p>\n<p>7. Mad In Love<\/p>\n<p>Mad In Love ist von Beginn weg ein mitreissender Song, dem die Freude an coolen Melodien, lockeren Rhythmen, Synthie-Kl\u00e4ngen und den kernigen Textpassagen quasi ins Gesicht geschrieben steht. Die Abwechslung in diesem Song ist eine kreative H\u00f6chstleistung von besonderer Weise, da verspielte Melodien, mit treibenden teils straffen Passagen immer wieder wechseln mit pathetischen Bl\u00e4sern und einem Instrumentalteil, der eine Steigerung im Refrain einleitet. Ein Spezialeffekt beim stimmlich verz\u00f6gerten &#8220;Mad in Love* Teil am Schluss rundet den Song ab, bei welchem von Ronny Schreinzer (Stimme von The Twins) in seinem Soloprojekt Nutronixx als Singer, Songwriter und Multiinstrumentalist alle Drums, Synthesizer, Gitarren, Vocals und Backgroundch\u00f6re von ihm selbst eingespielt wurden. Gute Laune garantiert.<br \/><a href=\"https:\/\/hitparade.ch\/song\/Nutronixx\/Mad-In-Love-2193352\">https:\/\/hitparade.ch\/song\/Nutronixx\/Mad-In-Love-2193352<\/a><\/p>\n<p>8. Wish We Were Lovers<\/p>\n<p>Dieser Song ab dem Nutronixx Album &#8220;Planet of Love&#8221; kann als klassischer Ohrwurm betitelt werden. Schon von Beginn weg ist die Hauptmelodie der leitende Part und beginnt wie mit einem anziehenden Start einer Rakete, bei dem Drumwirbel und Synthie-Riffs nicht fehlen d\u00fcrfen. Der treibende Rhythmus und die \u00fcberlagernden Melodien und Gesangspassagen, laden zum Mitmachen ein, egal wo man sich im Lied gerade befindet. Der mehrfach \u00fcberlagerte Gesang von Ronny Schreinzer (von The Twins), welcher als Singer, Songwriter und Multiinstrumentalist \u00fcbrigens alle Vocals, Backgroundch\u00f6re, Synthesizer, Drums, Gitarren selbst spielt, gibt dem Song eine spezielle Tiefe, die in diesem melodi\u00f6sen und treibenden Synthie-Song mit seinen verschiedenen gef\u00fchlsbetonten Passagen voll zur Geltung kommt. Deshalb nicht unverdient als 2.Single vorgesehen.<br \/><a href=\"https:\/\/hitparade.ch\/song\/Nutronixx\/Wish-You-Were-Lovers-2193355\">https:\/\/hitparade.ch\/song\/Nutronixx\/Wish-You-Were-Lovers-2193355<\/a><\/p>\n<p>9. Resurrection<\/p>\n<p>Resurrection ist einer meiner Lieblingssongs auf dem Nutronixx Album &#8220;Planet Of Love&#8221;. Er verspr\u00fcht gute Laune, hat einen guten, treibenden Rhythmus und einen Bass der schon alleine einmalig ist. Die vielschichtigen \u00fcberlagernden Melodien haben eine Harmonie zum Gesang, die sich h\u00f6ren l\u00e4sst, man m\u00f6chte jeden Part in sich aufsaugen. Der Refrain ist harmonisch, steigert sich immer weiter und l\u00e4dt zum Mitsingen ein, ohne Pause versteht sich. Die Instrumentalphase ab der 3:10 Minute, nimmt die Hauptmelodie gekonnt auf und l\u00e4sst sie wie auf Wellen reiten, bevor es mit Anlauf weiter geht und mit einem finalen Schlusspunkt endet. \u00dcbrigens, Ronny Schreinzer (von The Twins), spielt als Singer, Songwriter und Multiinstrumentalist alle Vocals, Synthesizer, Drums, Gitarren und Backgroundch\u00f6re selbst ein. Top<br \/><a href=\"https:\/\/hitparade.ch\/song\/Nutronixx\/Resurrection-2193357\">https:\/\/hitparade.ch\/song\/Nutronixx\/Resurrection-2193357<\/a><br \/>Video auf YouTube:\u00a0<a href=\"https:\/\/www.youtube.com\/watch?v=qtgpESbRg1s\">https:\/\/www.youtube.com\/watch?v=qtgpESbRg1s<\/a><\/p>\n<p>10. The Return 2.0<\/p>\n<p>The Return 2.0 ist ein gelungenes Remake des 5:23 Min. langen Instrumentaltitels &#8220;The Return&#8221;, welcher auf der B-Seite des 1986er Projektes Hypersonic &#8220;Magic Fly &#8217;86&#8221; (12&#8243;) ver\u00f6ffentlicht wurde. Ronny Schreinzer, seines Zeichens S\u00e4nger und Drummer bei The Twins, hat als Songwriter und Multiinstrumentalist \u00fcbrigens alle Synthesizer, Drums, Gitarren selbst einspielt auf dem Soloprojekt Nutronixx. Er gibt mit diesem Song dem Album &#8220;Planet Of Love&#8221; damit einem besonders oft ge\u00e4usserten Wunsch seiner weltweit verstreuten Fangemeinde nach einem Remix nach. Ein Remix, der seinen Namen 2.0 voll verdient, zumal neue Passagen mit der ehemaligen Hauptmelodie gekonnt verbunden und erweitert wurden. Genial und zeitlos.<br \/><a href=\"https:\/\/hitparade.ch\/song\/Nutronixx\/The-Return-2.0-2193360\">https:\/\/hitparade.ch\/song\/Nutronixx\/The-Return-2.0-2193360<\/a><\/p>\n<p>11. Miss Coraline<\/p>\n<p>Wer Synthiepop und The Twins liebt, kommt an diesem Song nicht vorbei. Der Rhythmus allein ist schon so treibend, dass er mit der Bassline, den Keyboards Riffs und den \u00fcberlagernden Melodien mitten ins Herz trifft. Ronny Schreinzer rundet mit seiner einf\u00fchlsamen Stimme diesen Song zu einem Diadem ab, der mit Spezialeffekten und einem cleveren Refrain zu einem Ohrwurm wird, der die Sehnsucht antreibt und nur in der Mitte des Songs eine kurze, instrumentale Passage eine Erholung der Gef\u00fchle zul\u00e4sst. Die Steigerung gegen Ende des Songs, wird mit einem ausklingenden Teil sanft abgefedert. Dass Ronny Schreinzer (S\u00e4nger \/ Drummer von The Twins), als Singer, Songwriter und Multiinstrumentalist alle Vocals, Backgroundch\u00f6re, Synthesizer, Drums, Gitarren selbst spielt ist einmalig . Bewundernswert.<br \/><a href=\"https:\/\/hitparade.ch\/song\/Nutronixx\/Miss-Coraline-2193370\">https:\/\/hitparade.ch\/song\/Nutronixx\/Miss-Coraline-2193370<\/a><br \/>Video auf YouTube:\u00a0<a href=\"https:\/\/www.youtube.com\/watch?v=f1hWOoJWeKU\">https:\/\/www.youtube.com\/watch?v=f1hWOoJWeKU<\/a><\/p>\n<p>12. World On Fire<\/p>\n<p>Ein geradliniger Song auf dem Nutronixx-Album &#8220;Planet Of Love&#8221;, den Ronny Schreinzer (von The Twins) sehr gef\u00fchlsbetont singt und ihn abwechselnd mit sch\u00f6nen Melodien und einem treibenden Rhythmus zu einem \u00fcberdurchschnittlichen Synthie-Song abrundet. Es macht einfach Spass, dieses Album mit seinen facettenreichen und innovativen Songs immer wieder zu h\u00f6ren. Ronny, spielt als Singer, Songwriter und Multiinstrumentalist \u00fcbrigens alle Vocals, Backgroundch\u00f6re, Synthesizer, Drums, Gitarren selbst ein. So t\u00f6nt Synthiepop schn\u00f6rkellos und mit Hitpotenzial.<br \/><a href=\"https:\/\/hitparade.ch\/song\/Nutronixx\/World-On-Fire-2193381\">https:\/\/hitparade.ch\/song\/Nutronixx\/World-On-Fire-2193381<\/a><\/p>\n<p>13. It Was Only Yesterday<\/p>\n<p>K\u00f6nnte man einer Pop-Ballade mehr als 6 von 6 Punkten geben, m\u00fcsste man es hier tun. Was Ronny Schreinzer, S\u00e4nger und Drummer von The Twins, hier als Schluss-Song des Albums &#8220;Planet Of Love&#8221; abliefert, ist ph\u00e4nomenal und tr\u00e4gt dem H\u00f6rer insbesondere im Instrumentalteil die G\u00e4nsehaut auf die Arme, so war und ist es bei mir immer noch. Doch von Anfang an: Der Song beginnt mit alleinigem Drum-Rhythmus, der schon bald mit Streichersequenzen aufgefangen und ruhig aber bedacht sich steigert. Dann tr\u00e4gt die feine Stimme von Ronny seinen Teil bei und f\u00e4ngt alle Emotionen ein, teils pathetisch, teils etwas traurig, aber immer zuversichtlich und positiv. Der Refrain nimmt einen in den Bann und der Piano-Instrumentalteil ab der 3:00 Min. l\u00e4sst die Gef\u00fchle mitlaufen, bis zu einem abrupt anmutenden Abschluss. Doch dann, entsteht der Song neu, wie eine Wiedergeburt, ein unendliche Reise beginnt und eine Hymne mit immer wieder neuen Elementen tr\u00e4gt ab der 06:00 Min. zu einem Epos m\u00e4ssigen Schluss bei, den man selber geh\u00f6rt haben muss.<br \/>\u00dcbrigens, auf dem gesamten Nutronixx-Album &#8220;Planet Of Love&#8221;, spielt Ronny Schreinzer als Singer, Songwriter und Multiinstrumentalist \u00fcbrigens gleich alle Vocals, Backgroundch\u00f6re, Synthesizer, Drums, Gitarren selbst. Der Mann hat ein Riesentalent, danke f\u00fcr Deine Musik.<br \/><a href=\"https:\/\/hitparade.ch\/song\/Nutronixx\/It-Was-Only-Yesterday-2193382\">https:\/\/hitparade.ch\/song\/Nutronixx\/It-Was-Only-Yesterday-2193382<\/a><\/p>\n<p>Wenn ihr auch eine Rezension zum Album und den Musiktiteln habt, bitte hier posten auf Hitparade CH:\u00a0<br \/><a href=\"https:\/\/hitparade.ch\/album\/Nutronixx\/Planet-Of-Love-476311\">https:\/\/hitparade.ch\/album\/Nutronixx\/Planet-Of-Love-476311<\/a><\/p>\n<p>Gesamtes Album zum Vorh\u00f6ren:<br \/><a href=\"https:\/\/www.nutronixx.de\/shop\/product_info.php?info=p1_nutronixx--cd--planet-of-love.html\">https:\/\/www.nutronixx.de\/shop\/product_info.php?info=p1_nutronixx&#8211;cd&#8211;planet-of-love.html<\/a><\/p>\n<p>Links<br \/>Offizielle Webseite:<br \/><a href=\"https:\/\/www.nutronixx.de\/\">https:\/\/www.nutronixx.de\/<\/a><\/p>\n<p>Youtube-Channel:<br \/><a href=\"https:\/\/www.youtube.com\/channel\/UCHnEHxkwmGqeVm3bO9AUFjQ\">https:\/\/www.youtube.com\/channel\/UCHnEHxkwmGqeVm3bO9AUFjQ<\/a><\/p>\n<p>Rezensionen erstellt 2021 von mr.dabelju (Guido Walker)\u00a0<\/p>\n","protected":false},"excerpt":{"rendered":"<p>Gepostet von mr.dabelju im The Twins Forum: Hier meine Rezension zu Ronny Schreinzer&#8217;s Solo-Album &#8220;Planet of Love &#8211; Nutronixx&#8221;: Gesamtrezension:Nutronixx ist das Solo Projekt von Ronny Schreinzer, Teil des deutschen Elektronik Pop Duos &#8220;The Twins&#8221;, welche in den Anf\u00e4ngen des tanzbaren Synthypop internationalen Erfolg feierten mit Ballet Dancer, Not The Loving Kind, Face to Face &hellip; <a href=\"https:\/\/nutronixx.com\/wpcms\/de\/rezensionen\/\" class=\"more-link\">Continue reading<span class=\"screen-reader-text\"> &#8220;Rezensionen&#8221;<\/span><\/a><\/p>\n","protected":false},"author":1,"featured_media":0,"parent":0,"menu_order":0,"comment_status":"closed","ping_status":"closed","template":"","meta":{"footnotes":""},"class_list":["post-965","page","type-page","status-publish","hentry"],"_links":{"self":[{"href":"https:\/\/nutronixx.com\/wpcms\/wp-json\/wp\/v2\/pages\/965","targetHints":{"allow":["GET"]}}],"collection":[{"href":"https:\/\/nutronixx.com\/wpcms\/wp-json\/wp\/v2\/pages"}],"about":[{"href":"https:\/\/nutronixx.com\/wpcms\/wp-json\/wp\/v2\/types\/page"}],"author":[{"embeddable":true,"href":"https:\/\/nutronixx.com\/wpcms\/wp-json\/wp\/v2\/users\/1"}],"replies":[{"embeddable":true,"href":"https:\/\/nutronixx.com\/wpcms\/wp-json\/wp\/v2\/comments?post=965"}],"version-history":[{"count":5,"href":"https:\/\/nutronixx.com\/wpcms\/wp-json\/wp\/v2\/pages\/965\/revisions"}],"predecessor-version":[{"id":983,"href":"https:\/\/nutronixx.com\/wpcms\/wp-json\/wp\/v2\/pages\/965\/revisions\/983"}],"wp:attachment":[{"href":"https:\/\/nutronixx.com\/wpcms\/wp-json\/wp\/v2\/media?parent=965"}],"curies":[{"name":"wp","href":"https:\/\/api.w.org\/{rel}","templated":true}]}}